{"id":201,"date":"2017-02-01T11:50:20","date_gmt":"2017-02-01T11:50:20","guid":{"rendered":"https:\/\/industrial.themechampion.com\/?page_id=201"},"modified":"2023-11-02T14:37:18","modified_gmt":"2023-11-02T14:37:18","slug":"servicii","status":"publish","type":"page","link":"https:\/\/omniaplast.ro\/en\/servicii\/","title":{"rendered":"SERVICES"},"content":{"rendered":"<div data-vc-full-width=\"true\" data-vc-full-width-init=\"false\" class=\"vc_row wpb_row vc_row-fluid no-padding vc_custom_1693789632047 vc_row-has-fill\"><div class=\"wpb_column vc_column_container vc_col-sm-12\"><div class=\"vc_column-inner\"><div class=\"wpb_wrapper\">\n\t<div class=\"custom-heading wpb_content_element  heading-small\">\n\t\t<h2 class=\"heading-title\" > SERVICIILE NOASTRE<\/h2><\/div>\n\t<div class=\"child-page-wrapper\">\n\t\t<div class=\"service_grid_two\">\n\t\t\t<div class=\"grid-wrapper grid-4-columns grid-row\">\n\t\t\t\t<div class=\"row\"><div class=\"grid-sm-6 grid-md-3 service-info\">\n\t\t\t\t            <div class=\"item\">\n\t\t\t\t                <a href=\"https:\/\/omniaplast.ro\/en\/services\/injectie\/\" class=\"post-image view image_hover\"><img loading=\"lazy\" decoding=\"async\" width=\"360\" height=\"202\" src=\"https:\/\/omniaplast.ro\/wp-content\/uploads\/2017\/02\/Poza-injectie-360x202.jpg\" class=\"zoom_img_effect wp-post-image\" alt=\"\" \/><\/a>\n\t\t\t\t                <div class=\"grid_two_service_content\">\n\t\t\t\t\t\t            <a href=\"https:\/\/omniaplast.ro\/en\/services\/injectie\/\"><h4>Injectie<\/h4><\/a>\n\t\t\t\t\t\t            <p>Av\u00e2nd \u00een vedere nivelul complex al produselor finite \u0219i multitudinea de produse, avem o capacitate de 25 de ma\u0219ini de injectare for\u021be de presare de la 40 la 500 de tone.<\/p>\n\t\t\t\t\t\t            <h6><a href=\"https:\/\/omniaplast.ro\/en\/services\/injectie\/\" title=\"Injectie\">Vezi mai mult<\/a><\/h6>\n\t\t\t                    <\/div>\n\t\t\t                <\/div>\n\t\t\t            <\/div><div class=\"grid-sm-6 grid-md-3 service-info\">\n\t\t\t\t            <div class=\"item\">\n\t\t\t\t                <a href=\"https:\/\/omniaplast.ro\/en\/services\/tampografie\/\" class=\"post-image view image_hover\"><img loading=\"lazy\" decoding=\"async\" width=\"360\" height=\"202\" src=\"https:\/\/omniaplast.ro\/wp-content\/uploads\/2017\/02\/Poza-tampografie-360x202.jpg\" class=\"zoom_img_effect wp-post-image\" alt=\"\" \/><\/a>\n\t\t\t\t                <div class=\"grid_two_service_content\">\n\t\t\t\t\t\t            <a href=\"https:\/\/omniaplast.ro\/en\/services\/tampografie\/\"><h4>Tampografie<\/h4><\/a>\n\t\t\t\t\t\t            <p>Departamentul de tampografie este dotat cu 20 de masini masini care pot face pana la 8 culori.<\/p>\n\t\t\t\t\t\t            <h6><a href=\"https:\/\/omniaplast.ro\/en\/services\/tampografie\/\" title=\"Tampografie\">Vezi mai mult<\/a><\/h6>\n\t\t\t                    <\/div>\n\t\t\t                <\/div>\n\t\t\t            <\/div><div class=\"grid-sm-6 grid-md-3 service-info\">\n\t\t\t\t            <div class=\"item\">\n\t\t\t\t                <a href=\"https:\/\/omniaplast.ro\/en\/services\/sudura-plastic\/\" class=\"post-image view image_hover\"><img loading=\"lazy\" decoding=\"async\" width=\"360\" height=\"202\" src=\"https:\/\/omniaplast.ro\/wp-content\/uploads\/2017\/02\/sudura-plastic-1-360x202.png\" class=\"zoom_img_effect wp-post-image\" alt=\"\" \/><\/a>\n\t\t\t\t                <div class=\"grid_two_service_content\">\n\t\t\t\t\t\t            <a href=\"https:\/\/omniaplast.ro\/en\/services\/sudura-plastic\/\"><h4>Sudura plastic<\/h4><\/a>\n\t\t\t\t\t\t            <p>20 Branson welding machines<\/p>\n\t\t\t\t\t\t            <h6><a href=\"https:\/\/omniaplast.ro\/en\/services\/sudura-plastic\/\" title=\"Sudura plastic\">Vezi mai mult<\/a><\/h6>\n\t\t\t                    <\/div>\n\t\t\t                <\/div>\n\t\t\t            <\/div><div class=\"grid-sm-6 grid-md-3 service-info\">\n\t\t\t\t            <div class=\"item\">\n\t\t\t\t                <a href=\"https:\/\/omniaplast.ro\/en\/services\/croit-termoformatura\/\" class=\"post-image view image_hover\"><img loading=\"lazy\" decoding=\"async\" width=\"360\" height=\"202\" src=\"https:\/\/omniaplast.ro\/wp-content\/uploads\/2017\/02\/Poza-croit-360x202.jpg\" class=\"zoom_img_effect wp-post-image\" alt=\"\" \/><\/a>\n\t\t\t\t                <div class=\"grid_two_service_content\">\n\t\t\t\t\t\t            <a href=\"https:\/\/omniaplast.ro\/en\/services\/croit-termoformatura\/\"><h4>Croit si termoformatura<\/h4><\/a>\n\t\t\t\t\t\t            <p>Departamentul de modele de t\u0103iere \u0219i termoformare este locul potrivit pentru t\u0103ierea \u0219i preg\u0103tirea oric\u0103rui tip de material pentru liniile de asamblare de cusut. 9 ma\u0219ini de t\u0103iat, 4 ma\u0219ini de termoformat ofer\u0103 un punct de plecare excelent pentru producerea oric\u0103rui tip de produs pe baz\u0103 de cusut.<\/p>\n\t\t\t\t\t\t            <h6><a href=\"https:\/\/omniaplast.ro\/en\/services\/croit-termoformatura\/\" title=\"Croit si termoformatura\">Vezi mai mult<\/a><\/h6>\n\t\t\t                    <\/div>\n\t\t\t                <\/div>\n\t\t\t            <\/div>\n\t\t\t\t\t\t\t<div class=\"clear1\"><\/div><div class=\"grid-sm-6 grid-md-3 service-info\">\n\t\t\t\t            <div class=\"item\">\n\t\t\t\t                <a href=\"https:\/\/omniaplast.ro\/en\/services\/asamblare\/\" class=\"post-image view image_hover\"><img loading=\"lazy\" decoding=\"async\" width=\"360\" height=\"202\" src=\"https:\/\/omniaplast.ro\/wp-content\/uploads\/2017\/02\/Poza-asamblare-360x202.jpg\" class=\"zoom_img_effect wp-post-image\" alt=\"\" \/><\/a>\n\t\t\t\t                <div class=\"grid_two_service_content\">\n\t\t\t\t\t\t            <a href=\"https:\/\/omniaplast.ro\/en\/services\/asamblare\/\"><h4>Asamblare<\/h4><\/a>\n\t\t\t\t\t\t            <p>The assembly department consists of 15 assembly lines and was built to complete several operations, from simple pressing, ultrasonic welding to sole assembly, thus ensuring the flexible nature of the company's activity. Each product is made within a set assembly line according to a schedule determined by production technology, production plan and quality requirements.<\/p>\n\t\t\t\t\t\t            <h6><a href=\"https:\/\/omniaplast.ro\/en\/services\/asamblare\/\" title=\"Asamblare\">Vezi mai mult<\/a><\/h6>\n\t\t\t                    <\/div>\n\t\t\t                <\/div>\n\t\t\t            <\/div><div class=\"grid-sm-6 grid-md-3 service-info\">\n\t\t\t\t            <div class=\"item\">\n\t\t\t\t                <a href=\"https:\/\/omniaplast.ro\/en\/services\/cusut\/\" class=\"post-image view image_hover\"><img loading=\"lazy\" decoding=\"async\" width=\"360\" height=\"202\" src=\"https:\/\/omniaplast.ro\/wp-content\/uploads\/2017\/02\/Poza-cusut-360x202.jpg\" class=\"zoom_img_effect wp-post-image\" alt=\"\" \/><\/a>\n\t\t\t\t                <div class=\"grid_two_service_content\">\n\t\t\t\t\t\t            <a href=\"https:\/\/omniaplast.ro\/en\/services\/cusut\/\"><h4>Cusut<\/h4><\/a>\n\t\t\t\t\t\t            <p>Departamentul de cusut este format din 8 linii de. Dispunem de 140 de ma\u0219ini de cusut.<\/p>\n\t\t\t\t\t\t            <h6><a href=\"https:\/\/omniaplast.ro\/en\/services\/cusut\/\" title=\"Cusut\">Vezi mai mult<\/a><\/h6>\n\t\t\t                    <\/div>\n\t\t\t                <\/div>\n\t\t\t            <\/div><div class=\"grid-sm-6 grid-md-3 service-info\">\n\t\t\t\t            <div class=\"item\">\n\t\t\t\t                <a href=\"https:\/\/omniaplast.ro\/en\/services\/matriterie\/\" class=\"post-image view image_hover\"><img loading=\"lazy\" decoding=\"async\" width=\"360\" height=\"202\" src=\"https:\/\/omniaplast.ro\/wp-content\/uploads\/2023\/06\/Poza-matriterie-360x202.jpg\" class=\"zoom_img_effect wp-post-image\" alt=\"\" \/><\/a>\n\t\t\t\t                <div class=\"grid_two_service_content\">\n\t\t\t\t\t\t            <a href=\"https:\/\/omniaplast.ro\/en\/services\/matriterie\/\"><h4>Matriterie<\/h4><\/a>\n\t\t\t\t\t\t            <p><\/p>\n\t\t\t\t\t\t            <h6><a href=\"https:\/\/omniaplast.ro\/en\/services\/matriterie\/\" title=\"Matriterie\">Vezi mai mult<\/a><\/h6>\n\t\t\t                    <\/div>\n\t\t\t                <\/div>\n\t\t\t            <\/div>\n\t\t        <\/div>\n\t\t    <\/div>\n\t\t<\/div><\/div><\/div><\/div><\/div><\/div><div class=\"vc_row-full-width vc_clearfix\"><\/div>","protected":false},"excerpt":{"rendered":"MatriterieCusutAsamblareCroit si termoformaturaSudura plasticTampografieInjectie Matriterie Compartimentul de asamblare este format din 15 linii de asamblare si a fost construit pentru a ...","protected":false},"author":1,"featured_media":0,"parent":0,"menu_order":0,"comment_status":"closed","ping_status":"closed","template":"","meta":{"footnotes":""},"class_list":["post-201","page","type-page","status-publish","hentry"],"_links":{"self":[{"href":"https:\/\/omniaplast.ro\/en\/wp-json\/wp\/v2\/pages\/201","targetHints":{"allow":["GET"]}}],"collection":[{"href":"https:\/\/omniaplast.ro\/en\/wp-json\/wp\/v2\/pages"}],"about":[{"href":"https:\/\/omniaplast.ro\/en\/wp-json\/wp\/v2\/types\/page"}],"author":[{"embeddable":true,"href":"https:\/\/omniaplast.ro\/en\/wp-json\/wp\/v2\/users\/1"}],"replies":[{"embeddable":true,"href":"https:\/\/omniaplast.ro\/en\/wp-json\/wp\/v2\/comments?post=201"}],"version-history":[{"count":12,"href":"https:\/\/omniaplast.ro\/en\/wp-json\/wp\/v2\/pages\/201\/revisions"}],"predecessor-version":[{"id":1388,"href":"https:\/\/omniaplast.ro\/en\/wp-json\/wp\/v2\/pages\/201\/revisions\/1388"}],"wp:attachment":[{"href":"https:\/\/omniaplast.ro\/en\/wp-json\/wp\/v2\/media?parent=201"}],"curies":[{"name":"wp","href":"https:\/\/api.w.org\/{rel}","templated":true}]}}