{"id":166,"date":"2017-02-01T11:12:58","date_gmt":"2017-02-01T11:12:58","guid":{"rendered":"https:\/\/industrial.themechampion.com\/?page_id=166"},"modified":"2023-11-09T01:53:31","modified_gmt":"2023-11-09T01:53:31","slug":"home2","status":"publish","type":"page","link":"https:\/\/omniaplast.ro\/en\/","title":{"rendered":"Home"},"content":{"rendered":"<div data-vc-full-width=\"true\" data-vc-full-width-init=\"false\" data-vc-stretch-content=\"true\" class=\"vc_row wpb_row vc_row-fluid vc_row-no-padding\"><div class=\"wpb_column vc_column_container vc_col-sm-12\"><div class=\"vc_column-inner\"><div class=\"wpb_wrapper\"><\/div><\/div><\/div><\/div><div class=\"vc_row-full-width vc_clearfix\"><\/div><section data-vc-full-width=\"true\" data-vc-full-width-init=\"false\" class=\"vc_section hm2_slider_strip vc_custom_1630590241247\"><div class=\"vc_row wpb_row vc_row-fluid hm2_slider_strip_left vc_custom_1630581844748\"><div class=\"wpb_column vc_column_container vc_col-sm-4 vc_col-has-fill\"><div class=\"vc_column-inner vc_custom_1630581849645\"><div class=\"wpb_wrapper\">\n\t<div class=\"wpb_text_column wpb_content_element  vc_custom_1699331671485\" >\n\t\t<div class=\"wpb_wrapper\">\n\t\t\t<p><img loading=\"lazy\" decoding=\"async\" class=\"alignnone size-full wp-image-909\" src=\"https:\/\/omniaplast.ro\/wp-content\/uploads\/2021\/09\/line_1.jpg\" alt=\"\" width=\"5\" height=\"72\" \/><strong>We create long-term value for our clients.<\/strong><\/p>\n\n\t\t<\/div>\n\t<\/div>\n<\/div><\/div><\/div><div class=\"wpb_column vc_column_container vc_col-sm-8\"><div class=\"vc_column-inner vc_custom_1630581837031\"><div class=\"wpb_wrapper\"><\/div><\/div><\/div><\/div><div data-vc-full-width=\"true\" data-vc-full-width-init=\"false\" data-vc-stretch-content=\"true\" class=\"vc_row wpb_row vc_row-fluid hm2_slider_strip_right vc_custom_1630581864729 vc_row-no-padding\"><div class=\"wpb_column vc_column_container vc_col-sm-4\"><div class=\"vc_column-inner vc_custom_1630581859177\"><div class=\"wpb_wrapper\"><\/div><\/div><\/div><div class=\"wpb_column vc_column_container vc_col-sm-8 vc_col-has-fill\"><div class=\"vc_column-inner vc_custom_1630591464370\"><div class=\"wpb_wrapper\">\n\t<div class=\"wpb_text_column wpb_content_element  vc_custom_1699494809040\" >\n\t\t<div class=\"wpb_wrapper\">\n\t\t\t<p><img loading=\"lazy\" decoding=\"async\" class=\"alignnone size-full wp-image-910\" src=\"https:\/\/omniaplast.ro\/wp-content\/uploads\/2021\/09\/icon_1.jpg\" alt=\"\" width=\"63\" height=\"58\" \/><b>We implement new technologies in the field of production and innovate through competitive products.<\/b><\/p>\n\n\t\t<\/div>\n\t<\/div>\n<\/div><\/div><\/div><\/div><div class=\"vc_row-full-width vc_clearfix\"><\/div><\/section><div class=\"vc_row-full-width vc_clearfix\"><\/div><section class=\"vc_section hm2_tab_section vc_custom_1631014480291\"><div class=\"vc_row wpb_row vc_row-fluid hm2_about_right_resp vc_custom_1631099516215\"><div class=\"hm2_about_left wpb_column vc_column_container vc_col-sm-6\"><div class=\"vc_column-inner vc_custom_1630585005491\"><div class=\"wpb_wrapper\">\n\t<div class=\"wpb_text_column wpb_content_element  orange_sub_title left_arrange\" >\n\t\t<div class=\"wpb_wrapper\">\n\t\t\t<p>Welcome!<\/p>\n\n\t\t<\/div>\n\t<\/div>\n<div class=\"vc_custom_heading hm_main_title vc_custom_1662356779640\" ><h1 style=\"font-size: 48px;color: #242424;line-height: 1.2;text-align: left\" >Oferim servicii de productie complete in Romania<\/h1><\/div><div class=\"vc_custom_heading vc_custom_1662356793770\" ><p style=\"font-size: 16px;color: #6c6c6c;line-height: 1.7;text-align: left;font-family:Open Sans;font-weight:400;font-style:normal\" >30 de ani experienta pe piata internationala<\/p><\/div><div class=\"vc_tta-container\" data-vc-action=\"collapse\"><div class=\"vc_general vc_tta vc_tta-tabs vc_tta-color-white vc_tta-style-classic vc_tta-shape-square vc_tta-spacing-20 vc_tta-gap-30  hm2_tabs vc_tta-o-no-fill vc_tta-tabs-position-top vc_tta-controls-align-left vc_custom_1630586637128\"><div class=\"vc_tta-tabs-container\"><ul class=\"vc_tta-tabs-list\"><li class=\"vc_tta-tab vc_active\" data-vc-tab><a href=\"#1630584323094-06a6c636-b95c\" data-vc-tabs data-vc-container=\".vc_tta\"><span class=\"vc_tta-title-text\">Mission<\/span><\/a><\/li><li class=\"vc_tta-tab\" data-vc-tab><a href=\"#1630584323104-66cb4d8e-ff9c\" data-vc-tabs data-vc-container=\".vc_tta\"><span class=\"vc_tta-title-text\">Vision<\/span><\/a><\/li><li class=\"vc_tta-tab\" data-vc-tab><a href=\"#1630584613186-88a7dbfc-f0cf\" data-vc-tabs data-vc-container=\".vc_tta\"><span class=\"vc_tta-title-text\">Values<\/span><\/a><\/li><\/ul><\/div><div class=\"vc_tta-panels-container\"><div class=\"vc_tta-panels\"><div class=\"vc_tta-panel vc_active\" id=\"1630584323094-06a6c636-b95c\" data-vc-content=\".vc_tta-panel-body\"><div class=\"vc_tta-panel-heading\"><h4 class=\"vc_tta-panel-title\"><a href=\"#1630584323094-06a6c636-b95c\" data-vc-accordion data-vc-container=\".vc_tta-container\"><span class=\"vc_tta-title-text\">Mission<\/span><\/a><\/h4><\/div><div class=\"vc_tta-panel-body\">\n\t<div class=\"wpb_text_column wpb_content_element\" >\n\t\t<div class=\"wpb_wrapper\">\n\t\t\t<p>Our MISSION is to provide prompt and reliable production services, understanding and taking into account customer requests (starting from compliance with customer standards and bringing improvements).<\/p>\n\n\t\t<\/div>\n\t<\/div>\n<\/div><\/div><div class=\"vc_tta-panel\" id=\"1630584323104-66cb4d8e-ff9c\" data-vc-content=\".vc_tta-panel-body\"><div class=\"vc_tta-panel-heading\"><h4 class=\"vc_tta-panel-title\"><a href=\"#1630584323104-66cb4d8e-ff9c\" data-vc-accordion data-vc-container=\".vc_tta-container\"><span class=\"vc_tta-title-text\">Vision<\/span><\/a><\/h4><\/div><div class=\"vc_tta-panel-body\">\n\t<div class=\"wpb_text_column wpb_content_element\" >\n\t\t<div class=\"wpb_wrapper\">\n\t\t\t<p>OMNIA PLAST is the company producing plastic materials that sets standards in Romania by exceeding customer expectations in the production of high quality products.<\/p>\n<p>Within OMNIA PLAST <strong>we implement new technologies in the field of production and innovate through competitive products.<\/strong>&gt;<\/p>\n\n\t\t<\/div>\n\t<\/div>\n<\/div><\/div><div class=\"vc_tta-panel\" id=\"1630584613186-88a7dbfc-f0cf\" data-vc-content=\".vc_tta-panel-body\"><div class=\"vc_tta-panel-heading\"><h4 class=\"vc_tta-panel-title\"><a href=\"#1630584613186-88a7dbfc-f0cf\" data-vc-accordion data-vc-container=\".vc_tta-container\"><span class=\"vc_tta-title-text\">Values<\/span><\/a><\/h4><\/div><div class=\"vc_tta-panel-body\">\n\t<div class=\"wpb_text_column wpb_content_element\" >\n\t\t<div class=\"wpb_wrapper\">\n\t\t\t<p><strong>Opportunity:<\/strong><\/p>\n<p>Our clients are our partners in creating value, our organizational culture based on openness to innovation. The opportunity lies not only in the relationship we create with business partners, but also internally, creating a stable work environment where employees have the opportunity to constantly learn and develop professionally.<\/p>\n<p><strong>Mobility:<\/strong><\/p>\n<p>We move with the needs of the market in the implementation of any type of technology for our product (we invest for strategic growth).<\/p>\n<p><strong>Notability\/Notoriety:<\/strong><\/p>\n<p>Every product we make must be remarkable to our customers.<\/p>\n<p><strong>Innovation:<\/strong><\/p>\n<p>We develop each new product starting from the improvement of technological processes, developing production in the most innovative and efficient way.<\/p>\n<p><strong>Adaptability:<\/strong><\/p>\n<p>The experience of 30 years in our sector helps us to implement in production even the most difficult items found on the market.<\/p>\n\n\t\t<\/div>\n\t<\/div>\n<\/div><\/div><\/div><\/div><\/div><\/div>\n\t<div class=\"wpb_text_column wpb_content_element\" >\n\t\t<div class=\"wpb_wrapper\">\n\t\t\t<div class=\"about-sec-content hm2_about_sec_cont\">\n<div class=\"row\">\n<div class=\"col-md-6\">\n<ul>\n<li><img loading=\"lazy\" decoding=\"async\" class=\"alignnone size-full wp-image-746\" src=\"https:\/\/omniaplast.ro\/wp-content\/uploads\/2021\/09\/img_1.png\" alt=\"img\" width=\"20\" height=\"18\" \/> Experienced workers<\/li>\n<li><img loading=\"lazy\" decoding=\"async\" class=\"alignnone size-full wp-image-746\" src=\"https:\/\/omniaplast.ro\/wp-content\/uploads\/2021\/09\/img_1.png\" alt=\"img\" width=\"20\" height=\"18\" \/> Satisfied customers<\/li>\n<\/ul>\n<\/div>\n<div class=\"col-md-6\">\n<ul>\n<li><img loading=\"lazy\" decoding=\"async\" class=\"alignnone size-full wp-image-746\" src=\"https:\/\/omniaplast.ro\/wp-content\/uploads\/2021\/09\/img_1.png\" alt=\"img\" width=\"20\" height=\"18\" \/> Reliable partner<\/li>\n<li><img loading=\"lazy\" decoding=\"async\" class=\"alignnone size-full wp-image-746\" src=\"https:\/\/omniaplast.ro\/wp-content\/uploads\/2021\/09\/img_1.png\" alt=\"img\" width=\"20\" height=\"18\" \/> Customer support<\/li>\n<\/ul>\n<\/div>\n<\/div>\n<\/div>\n\n\t\t<\/div>\n\t<\/div>\n<\/div><\/div><\/div><div class=\"hm2_about_left wpb_column vc_column_container vc_col-sm-6\"><div class=\"vc_column-inner\"><div class=\"wpb_wrapper\">\n\t<div  class=\"wpb_single_image wpb_content_element vc_align_center\">\n\t\t\n\t\t<figure class=\"wpb_wrapper vc_figure\">\n\t\t\t<div class=\"vc_single_image-wrapper   vc_box_border_grey\"><img loading=\"lazy\" decoding=\"async\" width=\"800\" height=\"534\" src=\"https:\/\/omniaplast.ro\/wp-content\/uploads\/2023\/06\/610_3203-1024x684.jpg\" class=\"vc_single_image-img attachment-large\" alt=\"\" title=\"610_3203\" srcset=\"https:\/\/omniaplast.ro\/wp-content\/uploads\/2023\/06\/610_3203-1024x684.jpg 1024w, https:\/\/omniaplast.ro\/wp-content\/uploads\/2023\/06\/610_3203-300x200.jpg 300w, https:\/\/omniaplast.ro\/wp-content\/uploads\/2023\/06\/610_3203-768x513.jpg 768w, https:\/\/omniaplast.ro\/wp-content\/uploads\/2023\/06\/610_3203.jpg 1200w\" sizes=\"auto, (max-width: 800px) 100vw, 800px\" \/><\/div>\n\t\t<\/figure>\n\t<\/div>\n\n\t<div  class=\"wpb_single_image wpb_content_element vc_align_center   hm2_about_right_second_img\">\n\t\t\n\t\t<figure class=\"wpb_wrapper vc_figure\">\n\t\t\t<div class=\"vc_single_image-wrapper   vc_box_border_grey\"><img loading=\"lazy\" decoding=\"async\" width=\"300\" height=\"200\" src=\"https:\/\/omniaplast.ro\/wp-content\/uploads\/2023\/06\/610_3266-300x200.jpg\" class=\"vc_single_image-img attachment-medium\" alt=\"\" title=\"610_3266\" srcset=\"https:\/\/omniaplast.ro\/wp-content\/uploads\/2023\/06\/610_3266-300x200.jpg 300w, https:\/\/omniaplast.ro\/wp-content\/uploads\/2023\/06\/610_3266-1024x684.jpg 1024w, https:\/\/omniaplast.ro\/wp-content\/uploads\/2023\/06\/610_3266-768x513.jpg 768w, https:\/\/omniaplast.ro\/wp-content\/uploads\/2023\/06\/610_3266.jpg 1200w\" sizes=\"auto, (max-width: 300px) 100vw, 300px\" \/><\/div>\n\t\t<\/figure>\n\t<\/div>\n<div class=\"vc_row wpb_row vc_inner vc_row-fluid hm2_experience_box hm2_experience_box_only vc_custom_1631099209285 vc_row-has-fill\"><div class=\"wpb_column vc_column_container vc_col-sm-12\"><div class=\"vc_column-inner vc_custom_1630588670260\"><div class=\"wpb_wrapper\">\n\t<div  class=\"wpb_single_image wpb_content_element vc_align_center\">\n\t\t\n\t\t<figure class=\"wpb_wrapper vc_figure\">\n\t\t\t<div class=\"vc_single_image-wrapper   vc_box_border_grey\"><img loading=\"lazy\" decoding=\"async\" width=\"40\" height=\"48\" src=\"https:\/\/omniaplast.ro\/wp-content\/uploads\/2021\/10\/icon_2.jpg\" class=\"vc_single_image-img attachment-full\" alt=\"\" title=\"icon_2\" \/><\/div>\n\t\t<\/figure>\n\t<\/div>\n\n\t<div class=\"wpb_text_column wpb_content_element\" >\n\t\t<div class=\"wpb_wrapper\">\n\t\t\t<p style=\"text-align: center; color: #fff;\"><b>Over 30 years of experience<\/b><\/p>\n\n\t\t<\/div>\n\t<\/div>\n<\/div><\/div><\/div><\/div><\/div><\/div><\/div><\/div><\/section><section data-vc-full-width=\"true\" data-vc-full-width-init=\"false\" class=\"vc_section vc_custom_1630589973560 vc_section-has-fill\"><div class=\"vc_row wpb_row vc_row-fluid vc_custom_1630590008725\"><div class=\"wpb_column vc_column_container vc_col-sm-2\"><div class=\"vc_column-inner vc_custom_1630590017723\"><div class=\"wpb_wrapper\"><\/div><\/div><\/div><div class=\"wpb_column vc_column_container vc_col-sm-8\"><div class=\"vc_column-inner\"><div class=\"wpb_wrapper\">\n\t<div class=\"wpb_text_column wpb_content_element  orange_sub_title\" >\n\t\t<div class=\"wpb_wrapper\">\n\t\t\t<div class=\"sub_left_line\"><\/div>\n<div class=\"sub_center_text\">WHAT WE DO<\/div>\n<div class=\"sub_right_line\"><\/div>\n\n\t\t<\/div>\n\t<\/div>\n<div class=\"vc_custom_heading hm_main_title vc_custom_1662357374094\" ><h1 style=\"font-size: 48px;color: #242424;line-height: 1.2;text-align: center\" >Oferim servicii de productie complete in Romania<\/h1><\/div><div class=\"vc_custom_heading vc_custom_1662357387075\" ><p style=\"font-size: 16px;color: #6c6c6c;line-height: 1.7;text-align: center;font-family:Open Sans;font-weight:400;font-style:normal\" >We implement new technologies in the field of production and innovate through competitive products.<\/p><\/div><\/div><\/div><\/div><div class=\"wpb_column vc_column_container vc_col-sm-2\"><div class=\"vc_column-inner\"><div class=\"wpb_wrapper\"><\/div><\/div><\/div><\/div><div class=\"vc_row wpb_row vc_row-fluid diff-offer-wrapper vc_custom_1630590415029\"><div class=\"wpb_column vc_column_container vc_col-sm-12\"><div class=\"vc_column-inner vc_custom_1630590017723\"><div class=\"wpb_wrapper\">\n\t<div class=\"child-page-wrapper\">\n\t\t<div class=\"service_grid_two\">\n\t\t\t<div class=\"grid-wrapper grid-3-columns grid-row\">\n\t\t\t\t<div class=\"row\"><div class=\"grid-sm-6 grid-md-4 service-info\">\n\t\t\t\t            <div class=\"item\">\n\t\t\t\t                <a href=\"https:\/\/omniaplast.ro\/en\/services\/injectie\/\" class=\"post-image view image_hover\"><img loading=\"lazy\" decoding=\"async\" width=\"360\" height=\"202\" src=\"https:\/\/omniaplast.ro\/wp-content\/uploads\/2017\/02\/Poza-injectie-360x202.jpg\" class=\"zoom_img_effect wp-post-image\" alt=\"\" \/><\/a>\n\t\t\t\t                <div class=\"grid_two_service_content\">\n\t\t\t\t\t\t            <a href=\"https:\/\/omniaplast.ro\/en\/services\/injectie\/\"><h4>Injectie<\/h4><\/a>\n\t\t\t\t\t\t            <p>Av\u00e2nd \u00een vedere nivelul complex al produselor finite \u0219i multitudinea de produse, avem o capacitate de 25 de ma\u0219ini de injectare for\u021be de presare de la 40 la 500 de tone.<\/p>\n\t\t\t\t\t\t            <h6><a href=\"https:\/\/omniaplast.ro\/en\/services\/injectie\/\" title=\"Injectie\">Read More<\/a><\/h6>\n\t\t\t                    <\/div>\n\t\t\t                <\/div>\n\t\t\t            <\/div><div class=\"grid-sm-6 grid-md-4 service-info\">\n\t\t\t\t            <div class=\"item\">\n\t\t\t\t                <a href=\"https:\/\/omniaplast.ro\/en\/services\/tampografie\/\" class=\"post-image view image_hover\"><img loading=\"lazy\" decoding=\"async\" width=\"360\" height=\"202\" src=\"https:\/\/omniaplast.ro\/wp-content\/uploads\/2017\/02\/Poza-tampografie-360x202.jpg\" class=\"zoom_img_effect wp-post-image\" alt=\"\" \/><\/a>\n\t\t\t\t                <div class=\"grid_two_service_content\">\n\t\t\t\t\t\t            <a href=\"https:\/\/omniaplast.ro\/en\/services\/tampografie\/\"><h4>Tampografie<\/h4><\/a>\n\t\t\t\t\t\t            <p>Departamentul de tampografie este dotat cu 20 de masini masini care pot face pana la 8 culori.<\/p>\n\t\t\t\t\t\t            <h6><a href=\"https:\/\/omniaplast.ro\/en\/services\/tampografie\/\" title=\"Tampografie\">Read More<\/a><\/h6>\n\t\t\t                    <\/div>\n\t\t\t                <\/div>\n\t\t\t            <\/div><div class=\"grid-sm-6 grid-md-4 service-info\">\n\t\t\t\t            <div class=\"item\">\n\t\t\t\t                <a href=\"https:\/\/omniaplast.ro\/en\/services\/sudura-plastic\/\" class=\"post-image view image_hover\"><img loading=\"lazy\" decoding=\"async\" width=\"360\" height=\"202\" src=\"https:\/\/omniaplast.ro\/wp-content\/uploads\/2017\/02\/sudura-plastic-1-360x202.png\" class=\"zoom_img_effect wp-post-image\" alt=\"\" \/><\/a>\n\t\t\t\t                <div class=\"grid_two_service_content\">\n\t\t\t\t\t\t            <a href=\"https:\/\/omniaplast.ro\/en\/services\/sudura-plastic\/\"><h4>Sudura plastic<\/h4><\/a>\n\t\t\t\t\t\t            <p>20 Branson welding machines<\/p>\n\t\t\t\t\t\t            <h6><a href=\"https:\/\/omniaplast.ro\/en\/services\/sudura-plastic\/\" title=\"Sudura plastic\">Read More<\/a><\/h6>\n\t\t\t                    <\/div>\n\t\t\t                <\/div>\n\t\t\t            <\/div>\n\t\t\t\t\t\t\t<div class=\"clear1\"><\/div><div class=\"grid-sm-6 grid-md-4 service-info\">\n\t\t\t\t            <div class=\"item\">\n\t\t\t\t                <a href=\"https:\/\/omniaplast.ro\/en\/services\/croit-termoformatura\/\" class=\"post-image view image_hover\"><img loading=\"lazy\" decoding=\"async\" width=\"360\" height=\"202\" src=\"https:\/\/omniaplast.ro\/wp-content\/uploads\/2017\/02\/Poza-croit-360x202.jpg\" class=\"zoom_img_effect wp-post-image\" alt=\"\" \/><\/a>\n\t\t\t\t                <div class=\"grid_two_service_content\">\n\t\t\t\t\t\t            <a href=\"https:\/\/omniaplast.ro\/en\/services\/croit-termoformatura\/\"><h4>Croit si termoformatura<\/h4><\/a>\n\t\t\t\t\t\t            <p>Departamentul de modele de t\u0103iere \u0219i termoformare este locul potrivit pentru t\u0103ierea \u0219i preg\u0103tirea oric\u0103rui tip de material pentru liniile de asamblare de cusut. 9 ma\u0219ini de t\u0103iat, 4 ma\u0219ini de termoformat ofer\u0103 un punct de plecare excelent pentru producerea oric\u0103rui tip de produs pe baz\u0103 de cusut.<\/p>\n\t\t\t\t\t\t            <h6><a href=\"https:\/\/omniaplast.ro\/en\/services\/croit-termoformatura\/\" title=\"Croit si termoformatura\">Read More<\/a><\/h6>\n\t\t\t                    <\/div>\n\t\t\t                <\/div>\n\t\t\t            <\/div><div class=\"grid-sm-6 grid-md-4 service-info\">\n\t\t\t\t            <div class=\"item\">\n\t\t\t\t                <a href=\"https:\/\/omniaplast.ro\/en\/services\/asamblare\/\" class=\"post-image view image_hover\"><img loading=\"lazy\" decoding=\"async\" width=\"360\" height=\"202\" src=\"https:\/\/omniaplast.ro\/wp-content\/uploads\/2017\/02\/Poza-asamblare-360x202.jpg\" class=\"zoom_img_effect wp-post-image\" alt=\"\" \/><\/a>\n\t\t\t\t                <div class=\"grid_two_service_content\">\n\t\t\t\t\t\t            <a href=\"https:\/\/omniaplast.ro\/en\/services\/asamblare\/\"><h4>Asamblare<\/h4><\/a>\n\t\t\t\t\t\t            <p>The assembly department consists of 15 assembly lines and was built to complete several operations, from simple pressing, ultrasonic welding to sole assembly, thus ensuring the flexible nature of the company's activity. Each product is made within a set assembly line according to a schedule determined by production technology, production plan and quality requirements.<\/p>\n\t\t\t\t\t\t            <h6><a href=\"https:\/\/omniaplast.ro\/en\/services\/asamblare\/\" title=\"Asamblare\">Read More<\/a><\/h6>\n\t\t\t                    <\/div>\n\t\t\t                <\/div>\n\t\t\t            <\/div><div class=\"grid-sm-6 grid-md-4 service-info\">\n\t\t\t\t            <div class=\"item\">\n\t\t\t\t                <a href=\"https:\/\/omniaplast.ro\/en\/services\/cusut\/\" class=\"post-image view image_hover\"><img loading=\"lazy\" decoding=\"async\" width=\"360\" height=\"202\" src=\"https:\/\/omniaplast.ro\/wp-content\/uploads\/2017\/02\/Poza-cusut-360x202.jpg\" class=\"zoom_img_effect wp-post-image\" alt=\"\" \/><\/a>\n\t\t\t\t                <div class=\"grid_two_service_content\">\n\t\t\t\t\t\t            <a href=\"https:\/\/omniaplast.ro\/en\/services\/cusut\/\"><h4>Cusut<\/h4><\/a>\n\t\t\t\t\t\t            <p>Departamentul de cusut este format din 8 linii de. Dispunem de 140 de ma\u0219ini de cusut.<\/p>\n\t\t\t\t\t\t            <h6><a href=\"https:\/\/omniaplast.ro\/en\/services\/cusut\/\" title=\"Cusut\">Read More<\/a><\/h6>\n\t\t\t                    <\/div>\n\t\t\t                <\/div>\n\t\t\t            <\/div>\n\t\t\t\t\t\t\t<div class=\"clear1\"><\/div>\n\t\t        <\/div>\n\t\t    <\/div>\n\t\t<\/div><\/div><\/div><\/div><\/div><\/div><\/section><div class=\"vc_row-full-width vc_clearfix\"><\/div><section data-vc-full-width=\"true\" data-vc-full-width-init=\"false\" class=\"vc_section hm2_project_section vc_custom_1631014609774 vc_section-has-fill\"><\/section><div class=\"vc_row-full-width vc_clearfix\"><\/div><section data-vc-full-width=\"true\" data-vc-full-width-init=\"false\" class=\"vc_section vc_custom_1630648022312 vc_section-has-fill\"><div class=\"vc_row wpb_row vc_row-fluid vc_custom_1630648040183\"><div class=\"hm2_aboutus_left wpb_column vc_column_container vc_col-sm-6\"><div class=\"vc_column-inner vc_custom_1630652526360\"><div class=\"wpb_wrapper\">\n\t<div class=\"wpb_text_column wpb_content_element  orange_sub_title left_arrange\" >\n\t\t<div class=\"wpb_wrapper\">\n\t\t\t<div class=\"sub_left_line\"><\/div>\n<div class=\"sub_center_text\" style=\"text-align: left;\">WHY CHOOSE US<\/div>\n\n\t\t<\/div>\n\t<\/div>\n<div class=\"vc_custom_heading hm_main_title vc_custom_1686361807250\" ><h1 style=\"font-size: 48px;color: #242424;line-height: 1.2;text-align: left\" >De ce suntem cei mai buni<\/h1><\/div><div class=\"vc_row wpb_row vc_inner vc_row-fluid hm2_aboutus_left_icon_box vc_custom_1630652706227\"><div class=\"wpb_column vc_column_container vc_col-sm-6 vc_col-has-fill\"><div class=\"vc_column-inner vc_custom_1630649258139\"><div class=\"wpb_wrapper\">\n\t<div  class=\"wpb_single_image wpb_content_element vc_align_left  vc_custom_1686361516188\">\n\t\t\n\t\t<figure class=\"wpb_wrapper vc_figure\">\n\t\t\t<div class=\"vc_single_image-wrapper   vc_box_border_grey\"><img loading=\"lazy\" decoding=\"async\" width=\"975\" height=\"761\" src=\"https:\/\/omniaplast.ro\/wp-content\/uploads\/2023\/06\/Logo-automatizare.jpg\" class=\"vc_single_image-img attachment-full\" alt=\"\" title=\"Logo automatizare\" srcset=\"https:\/\/omniaplast.ro\/wp-content\/uploads\/2023\/06\/Logo-automatizare.jpg 975w, https:\/\/omniaplast.ro\/wp-content\/uploads\/2023\/06\/Logo-automatizare-300x234.jpg 300w, https:\/\/omniaplast.ro\/wp-content\/uploads\/2023\/06\/Logo-automatizare-768x599.jpg 768w, https:\/\/omniaplast.ro\/wp-content\/uploads\/2023\/06\/Logo-automatizare-360x281.jpg 360w\" sizes=\"auto, (max-width: 975px) 100vw, 975px\" \/><\/div>\n\t\t<\/figure>\n\t<\/div>\n<div class=\"vc_custom_heading vc_custom_1686361662057\" ><h4 style=\"font-size: 18px;color: #242424;line-height: 1.2;text-align: left\" >Automatizare<\/h4><\/div><\/div><\/div><\/div><div class=\"wpb_column vc_column_container vc_col-sm-6\"><div class=\"vc_column-inner vc_custom_1630649265861\"><div class=\"wpb_wrapper\">\n\t<div  class=\"wpb_single_image wpb_content_element vc_align_left  vc_custom_1686361566325\">\n\t\t\n\t\t<figure class=\"wpb_wrapper vc_figure\">\n\t\t\t<div class=\"vc_single_image-wrapper   vc_box_border_grey\"><img loading=\"lazy\" decoding=\"async\" width=\"920\" height=\"585\" src=\"https:\/\/omniaplast.ro\/wp-content\/uploads\/2023\/06\/logo-sustenabilitate.png\" class=\"vc_single_image-img attachment-full\" alt=\"\" title=\"logo sustenabilitate\" srcset=\"https:\/\/omniaplast.ro\/wp-content\/uploads\/2023\/06\/logo-sustenabilitate.png 920w, https:\/\/omniaplast.ro\/wp-content\/uploads\/2023\/06\/logo-sustenabilitate-300x191.png 300w, https:\/\/omniaplast.ro\/wp-content\/uploads\/2023\/06\/logo-sustenabilitate-768x488.png 768w\" sizes=\"auto, (max-width: 920px) 100vw, 920px\" \/><\/div>\n\t\t<\/figure>\n\t<\/div>\n<div class=\"vc_custom_heading vc_custom_1686361673924\" ><h4 style=\"font-size: 18px;color: #242424;line-height: 1.2;text-align: left\" >Sustenabilitate<\/h4><\/div><\/div><\/div><\/div><\/div><div class=\"vc_custom_heading vc_custom_1686361747419\" ><p style=\"font-size: 16px;color: #6c6c6c;line-height: 1.7;text-align: left;font-family:Open Sans;font-weight:400;font-style:normal\" >Puteam livra un produs finit plecand de la o simpla idee. Integram cele mai noi tehnologii utilizate in acest moment.<\/p><\/div><\/div><\/div><\/div><div class=\"hm2_aboutus_right wpb_column vc_column_container vc_col-sm-6\"><div class=\"vc_column-inner vc_custom_1630652533569\"><div class=\"wpb_wrapper\">\n\t<div  class=\"wpb_single_image wpb_content_element vc_align_left\">\n\t\t\n\t\t<figure class=\"wpb_wrapper vc_figure\">\n\t\t\t<div class=\"vc_single_image-wrapper   vc_box_border_grey\"><img loading=\"lazy\" decoding=\"async\" width=\"892\" height=\"677\" src=\"https:\/\/omniaplast.ro\/wp-content\/uploads\/2023\/06\/Concept-product.jpg\" class=\"vc_single_image-img attachment-full\" alt=\"\" title=\"Concept product\" srcset=\"https:\/\/omniaplast.ro\/wp-content\/uploads\/2023\/06\/Concept-product.jpg 892w, https:\/\/omniaplast.ro\/wp-content\/uploads\/2023\/06\/Concept-product-300x228.jpg 300w, https:\/\/omniaplast.ro\/wp-content\/uploads\/2023\/06\/Concept-product-768x583.jpg 768w, https:\/\/omniaplast.ro\/wp-content\/uploads\/2023\/06\/Concept-product-370x281.jpg 370w, https:\/\/omniaplast.ro\/wp-content\/uploads\/2023\/06\/Concept-product-110x84.jpg 110w, https:\/\/omniaplast.ro\/wp-content\/uploads\/2023\/06\/Concept-product-438x333.jpg 438w\" sizes=\"auto, (max-width: 892px) 100vw, 892px\" \/><\/div>\n\t\t<\/figure>\n\t<\/div>\n<\/div><\/div><\/div><\/div><\/section><div class=\"vc_row-full-width vc_clearfix\"><\/div>","protected":false},"excerpt":{"rendered":"MatriterieCusutAsamblareCroit si termoformaturaSudura plasticTampografieInjectie Cusut Departamentul de cusut este si el o component\u0103 esen\u021bial\u0103 a procesului de produc\u021bie, av\u00e2nd \u00een componen\u021b\u0103 ...","protected":false},"author":1,"featured_media":0,"parent":0,"menu_order":0,"comment_status":"closed","ping_status":"closed","template":"","meta":{"footnotes":""},"class_list":["post-166","page","type-page","status-publish","hentry"],"_links":{"self":[{"href":"https:\/\/omniaplast.ro\/en\/wp-json\/wp\/v2\/pages\/166","targetHints":{"allow":["GET"]}}],"collection":[{"href":"https:\/\/omniaplast.ro\/en\/wp-json\/wp\/v2\/pages"}],"about":[{"href":"https:\/\/omniaplast.ro\/en\/wp-json\/wp\/v2\/types\/page"}],"author":[{"embeddable":true,"href":"https:\/\/omniaplast.ro\/en\/wp-json\/wp\/v2\/users\/1"}],"replies":[{"embeddable":true,"href":"https:\/\/omniaplast.ro\/en\/wp-json\/wp\/v2\/comments?post=166"}],"version-history":[{"count":40,"href":"https:\/\/omniaplast.ro\/en\/wp-json\/wp\/v2\/pages\/166\/revisions"}],"predecessor-version":[{"id":1415,"href":"https:\/\/omniaplast.ro\/en\/wp-json\/wp\/v2\/pages\/166\/revisions\/1415"}],"wp:attachment":[{"href":"https:\/\/omniaplast.ro\/en\/wp-json\/wp\/v2\/media?parent=166"}],"curies":[{"name":"wp","href":"https:\/\/api.w.org\/{rel}","templated":true}]}}